{"id":1076,"date":"2020-02-06T21:49:54","date_gmt":"2020-02-06T21:49:54","guid":{"rendered":"http:\/\/cajasai.com\/soporte\/?page_id=1076"},"modified":"2025-12-13T21:29:49","modified_gmt":"2025-12-13T21:29:49","slug":"agencia-de-empleo","status":"publish","type":"page","link":"https:\/\/cajasai.com\/soporte\/?page_id=1076","title":{"rendered":"Agencia de Empleo"},"content":{"rendered":"<div class=\"wp-block-image\">\n<figure class=\"aligncenter size-large is-resized\"><a href=\"https:\/\/cajasai.com\/soporte\/wp-content\/uploads\/2025\/08\/Logos_SPE2024-40.png\"><img loading=\"lazy\" decoding=\"async\" width=\"1024\" height=\"715\" src=\"https:\/\/cajasai.com\/soporte\/wp-content\/uploads\/2025\/08\/Logos_SPE2024-40-1024x715.png\" alt=\"\" class=\"wp-image-2153\" style=\"width:279px;height:auto\" srcset=\"https:\/\/cajasai.com\/soporte\/wp-content\/uploads\/2025\/08\/Logos_SPE2024-40-1024x715.png 1024w, https:\/\/cajasai.com\/soporte\/wp-content\/uploads\/2025\/08\/Logos_SPE2024-40-300x210.png 300w, https:\/\/cajasai.com\/soporte\/wp-content\/uploads\/2025\/08\/Logos_SPE2024-40-768x536.png 768w, https:\/\/cajasai.com\/soporte\/wp-content\/uploads\/2025\/08\/Logos_SPE2024-40.png 1078w\" sizes=\"auto, (max-width: 1024px) 100vw, 1024px\" \/><\/a><\/figure>\n<\/div>\n\n<p style=\"text-align: center;\"><a href=\"https:\/\/personas.serviciodeempleo.gov.co\/login.aspx\"><img loading=\"lazy\" decoding=\"async\" class=\"aligncenter  wp-image-1088\" src=\"http:\/\/cajasai.com\/soporte\/wp-content\/uploads\/2020\/02\/personas.png\" alt=\"\" width=\"53\" height=\"53\" srcset=\"https:\/\/cajasai.com\/soporte\/wp-content\/uploads\/2020\/02\/personas.png 512w, https:\/\/cajasai.com\/soporte\/wp-content\/uploads\/2020\/02\/personas-150x150.png 150w, https:\/\/cajasai.com\/soporte\/wp-content\/uploads\/2020\/02\/personas-300x300.png 300w, https:\/\/cajasai.com\/soporte\/wp-content\/uploads\/2020\/02\/personas-160x160.png 160w, https:\/\/cajasai.com\/soporte\/wp-content\/uploads\/2020\/02\/personas-320x320.png 320w\" sizes=\"auto, (max-width: 53px) 100vw, 53px\" \/><\/a><a href=\"https:\/\/personas.serviciodeempleo.gov.co\/login.aspx\">Registre su hoja de vida (Personas) <\/a><\/p>\n<p style=\"text-align: center;\"><img loading=\"lazy\" decoding=\"async\" class=\"aligncenter  wp-image-1089\" src=\"http:\/\/cajasai.com\/soporte\/wp-content\/uploads\/2020\/02\/empresa.png\" alt=\"\" width=\"70\" height=\"70\" srcset=\"https:\/\/cajasai.com\/soporte\/wp-content\/uploads\/2020\/02\/empresa.png 512w, https:\/\/cajasai.com\/soporte\/wp-content\/uploads\/2020\/02\/empresa-150x150.png 150w, https:\/\/cajasai.com\/soporte\/wp-content\/uploads\/2020\/02\/empresa-300x300.png 300w, https:\/\/cajasai.com\/soporte\/wp-content\/uploads\/2020\/02\/empresa-160x160.png 160w, https:\/\/cajasai.com\/soporte\/wp-content\/uploads\/2020\/02\/empresa-320x320.png 320w\" sizes=\"auto, (max-width: 70px) 100vw, 70px\" \/><\/p>\n<p style=\"text-align: center;\"><a href=\"https:\/\/empresas.serviciodeempleo.gov.co\/HomeEmpresa.aspx\">Registre su Empresa y vacantes\u00a0 (Empresas)<\/a><\/p>\n\n\n<p class=\"has-text-align-center\"><a rel=\"noreferrer noopener\" href=\"http:\/\/intranet.cajasai.com\/publico\/REGLAMENTO_AGENCIA_EMPLEO.pdf\" target=\"_blank\">[+] Reglamento Agencia de Empleo<\/a><\/p>\n\n\n\n<p class=\"has-text-align-center\"><a href=\"http:\/\/cajasai.com\/soporte\/wp-content\/uploads\/2025\/08\/PORTAFOLIO-EDITABLE-DE-SERVICIOS-AGENCIA-DE-EMPLEO.pdf\" target=\"_blank\" rel=\"noreferrer noopener\">[+] Portafolio de servicios Agengia de Empleo<\/a><\/p>\n\n\n\n<p class=\"has-text-align-center\"><a href=\"http:\/\/cajasai.com\/soporte\/wp-content\/uploads\/2025\/08\/RES0114-AUTORIZACION-SAN-ANDRES-Y-PROVIDENCIA-ISLAS-\u2013-CAJASAI-1.pdf\" target=\"_blank\" rel=\"noreferrer noopener\">[+] Resoluci\u00f3n 0114 de 2022<\/a><\/p>\n\n\n\n<!-- Banner verde compacto -->\n<div align=\"center\"><img loading=\"lazy\" decoding=\"async\" src=\"https:\/\/blobstorageccd.blob.core.windows.net\/administration\/reactions\/89ff8d72-69cf-4ecd-b1e2-fdcfa732139a.gif\" width=\"120\" height=\"120\">\n<div style=\"\n    width: 60%;\n    background: linear-gradient(135deg, #70cf76, #7ed482);\n    padding: 12px 18px;\n    border-radius: 10px;\n    box-shadow: 0 3px 8px rgba(0,0,0,0.20);\n    display: flex;\n    align-items: center;\n    justify-content: space-between;\n    margin: 15px auto;\n    color: white;\n    font-family: Arial, Helvetica, sans-serif;\n\">\n\n    <div style=\"flex: 1; padding-right: 15px;\">\n<img loading=\"lazy\" decoding=\"async\" src=\"https:\/\/www.cajasai.com\/soporte\/ia.png\" width=\"60\" height=\"60\">\n        <h3 style=\"margin: 0; font-size: 18px; font-weight: 700; color: #ffffff;\">\n            &#x1f7e2; Acceso a la Herramienta de Cargos\n        <\/h3>\n\n        <p style=\"margin-top: 5px; font-size: 13px; opacity: 0.9;\">\n            Descubre autom\u00e1ticamente los cargos m\u00e1s compatibles seg\u00fan tu perfil y experiencia. \u00a1Usa nuestra IA ahora!\n        <\/p>\n    <\/div>\n\n    <a href=\"http:\/\/72.61.70.35\/soporte\/cargosAgencia.html\" target=\"_blank\"\n       style=\"\n           background-color: #66bb6a;\n           padding: 8px 16px;\n           border-radius: 6px;\n           text-decoration: none;\n           color: white;\n           font-size: 14px;\n           font-weight: bold;\n           box-shadow: 0 2px 5px rgba(0,0,0,0.2);\n           transition: 0.3s;\n       \"\n       onmouseover=\"this.style.backgroundColor='#81c784'\"\n       onmouseout=\"this.style.backgroundColor='#66bb6a'\">\n       Entrar\n    <\/a>\n\n<\/div>\n<\/div>\n\n\n","protected":false},"excerpt":{"rendered":"<p>Registre su hoja de vida (Personas) Registre su Empresa y vacantes\u00a0 (Empresas) [+] Reglamento Agencia de Empleo [+] Portafolio de servicios Agengia de Empleo [+] Resoluci\u00f3n 0114 de 2022 &#x1f7e2; Acceso a la Herramienta&#46;&#46;&#46;<\/p>\n","protected":false},"author":1,"featured_media":0,"parent":0,"menu_order":0,"comment_status":"closed","ping_status":"closed","template":"","meta":{"_joinchat":[],"footnotes":""},"class_list":["post-1076","page","type-page","status-publish","hentry"],"_links":{"self":[{"href":"https:\/\/cajasai.com\/soporte\/index.php?rest_route=\/wp\/v2\/pages\/1076","targetHints":{"allow":["GET"]}}],"collection":[{"href":"https:\/\/cajasai.com\/soporte\/index.php?rest_route=\/wp\/v2\/pages"}],"about":[{"href":"https:\/\/cajasai.com\/soporte\/index.php?rest_route=\/wp\/v2\/types\/page"}],"author":[{"embeddable":true,"href":"https:\/\/cajasai.com\/soporte\/index.php?rest_route=\/wp\/v2\/users\/1"}],"replies":[{"embeddable":true,"href":"https:\/\/cajasai.com\/soporte\/index.php?rest_route=%2Fwp%2Fv2%2Fcomments&post=1076"}],"version-history":[{"count":49,"href":"https:\/\/cajasai.com\/soporte\/index.php?rest_route=\/wp\/v2\/pages\/1076\/revisions"}],"predecessor-version":[{"id":2275,"href":"https:\/\/cajasai.com\/soporte\/index.php?rest_route=\/wp\/v2\/pages\/1076\/revisions\/2275"}],"wp:attachment":[{"href":"https:\/\/cajasai.com\/soporte\/index.php?rest_route=%2Fwp%2Fv2%2Fmedia&parent=1076"}],"curies":[{"name":"wp","href":"https:\/\/api.w.org\/{rel}","templated":true}]}}