{"id":242,"date":"2018-04-04T00:38:08","date_gmt":"2018-04-04T00:38:08","guid":{"rendered":"http:\/\/cajasai.com\/soporte\/?page_id=242"},"modified":"2025-08-04T21:09:48","modified_gmt":"2025-08-04T21:09:48","slug":"resena-historica","status":"publish","type":"page","link":"https:\/\/cajasai.com\/soporte\/?page_id=242","title":{"rendered":"Rese\u00f1a Historica"},"content":{"rendered":"\n<img decoding=\"async\" src=\"http:\/\/intranet.cajasai.com\/publico\/accesibilidad.png\" width=\"50px\" heigth=\"50px\">\n <audio controls>\n  <source src=\"http:\/\/intranet.cajasai.com\/publico\/hostoria1.mp3\" type=\"audio\/mpeg\">\nYour browser does not support the audio element.\n<\/audio>\n<img decoding=\"async\" src=\"https:\/\/cdn.icon-icons.com\/icons2\/1364\/PNG\/512\/deafsignlanguage_89138.png\" width=\"50px\" heigth=\"50px\" onclick=\"window.open('http:\/\/intranet.cajasai.com\/aXJpczo\/historia.html','index','toolbar=mo,menubar=no,width=400,height=500,status=no,resizable=no,screenX=500,screenY=200,scrollbars=no');\">\n\n\n<p>El 29 de diciembre de 1978, un grupo de 35 comerciantes se reunieron en el Sal\u00f3n Cultura del Banco de la Rep\u00fablica para fundar la Caja de Compensaci\u00f3n Familiar de la C\u00e1mara de Comercio de San Andr\u00e9s y Providencia Islas CAJASAI. Fue un gran paso que, despu\u00e9s de muchos tropiezos, produjo los frutos que los trabajadores isle\u00f1os han estado cosechando durante a\u00f1os.<\/p>\n<p>En la vig\u00e9sima cuarta (XXIV) Asamblea General de Afiliados a CAJASAI, realizada el 20 de junio de 2003, se modific\u00f3 el nombre de la Corporaci\u00f3n, retirando las palabras \u201cC\u00e1mara de Comercio\u201d para dejar \u201cCaja de Compensaci\u00f3n Familiar de San Andr\u00e9s y Providencia Islas CAJASAI.<\/p>\n<p><img loading=\"lazy\" decoding=\"async\" class=\"aligncenter size-large wp-image-706\" src=\"http:\/\/cajasai.com\/soporte\/wp-content\/uploads\/2019\/02\/HISTORIA-CAJASAI-1024x768.jpg\" alt=\"\" width=\"1024\" height=\"768\" srcset=\"https:\/\/cajasai.com\/soporte\/wp-content\/uploads\/2019\/02\/HISTORIA-CAJASAI-1024x768.jpg 1024w, https:\/\/cajasai.com\/soporte\/wp-content\/uploads\/2019\/02\/HISTORIA-CAJASAI-300x225.jpg 300w, https:\/\/cajasai.com\/soporte\/wp-content\/uploads\/2019\/02\/HISTORIA-CAJASAI-768x576.jpg 768w\" sizes=\"auto, (max-width: 1024px) 100vw, 1024px\" \/><\/p>\n<p>CAJASAI fue jur\u00eddicamente reconocida por resoluci\u00f3n 0809 de febrero 27 de 1979 del Ministerio de Trabajo y comenz\u00f3 prestando los servicios que por ley correspond\u00edan, en especial el pago del subsidio en dinero para los trabajadores afiliados. El primer servicio que ofreci\u00f3 de el de salud, con atenci\u00f3n directa o remisiones a otras ciudades.<\/p>\n<p>En febrero de 1980 se fund\u00f3 el colegio CAJASAI para brindar el servicio de educaci\u00f3n formal con destacada calidad acad\u00e9mica, bajo la direcci\u00f3n y orientaci\u00f3n de la licenciada INGRID ARCHBOLD DE VILLALBA y MARIA HOWARD. En la actualidad se encuentra bajo la direcci\u00f3n de la profesional psic\u00f3loga IRMA ROMERO CUBIDES.<\/p>\n<p>CAJASAI inicio bajo la direcci\u00f3n administrativa de ERICK MAY CORPUS, JORGE GARNICA WATSON, FRANKLIN ESCALONA HUDGSON, MANUEL ANGARITA BARRAG\u00c1N, JOSE LE\u00d3N CARDONA RODR\u00cdGUEZ, NINFA MART\u00cdNEZ ROCHA, HILDA MAR\u00cdA BALLESTEROS RODR\u00cdGUEZ, LEIDIS BARRIOS ORTEGA, CHARLES ELIECER CARRE\u00d1O CORPUS y en la actualidad el Doctor ARNOVIS TAVERA WILCHES.<\/p>\n<p>A finales de 1994 CAJASAI inicio el programa de subsidios para vivienda de inter\u00e9s social, buscando ayudar a solucionar este gran problema de nuestras Islas. Hasta la fecha, muchas familias afiliadas han recibido subsidio de acuerdo con la ley 49\/90, mejorando sus viviendas y por ende su calidad de vida. En 1997 se cre\u00f3 el Fondo de Cr\u00e9ditos para la libre inversi\u00f3n. Para el a\u00f1o 2022 a trav\u00e9s del subsidio de vivienda FOVIS se acompa\u00f1\u00f3 a 46 familias en la evaluaci\u00f3n de necesidades de mejoramiento de sus viviendas y logrando as\u00ed que 34 familias se beneficiaran del subsidio de vivienda.<\/p>\n<p>Mediante Resoluci\u00f3n 0586 de mayo 24 de 1996, CAJASAI recibi\u00f3 autorizaci\u00f3n del Ministerio de Salud para manejar los recursos del R\u00e9gimen Subsidiado a trav\u00e9s de CAJASAI ARS. Su \u00e1rea de salud IPS CAJASAI, acorde con la ley 100\/93, entre los a\u00f1os 1997 a 2007, ofreci\u00f3 los servicios de odontolog\u00eda y consulta externa, adem\u00e1s se brindaba el servicio a los afiliados del r\u00e9gimen subsidiado.<\/p>\n<p><img loading=\"lazy\" decoding=\"async\" class=\"aligncenter size-large wp-image-711\" src=\"http:\/\/cajasai.com\/soporte\/wp-content\/uploads\/2019\/02\/FOTOS-MANUEL-ANGARITA-1024x768.jpg\" alt=\"\" width=\"1024\" height=\"768\" srcset=\"https:\/\/cajasai.com\/soporte\/wp-content\/uploads\/2019\/02\/FOTOS-MANUEL-ANGARITA-1024x768.jpg 1024w, https:\/\/cajasai.com\/soporte\/wp-content\/uploads\/2019\/02\/FOTOS-MANUEL-ANGARITA-300x225.jpg 300w, https:\/\/cajasai.com\/soporte\/wp-content\/uploads\/2019\/02\/FOTOS-MANUEL-ANGARITA-768x576.jpg 768w, https:\/\/cajasai.com\/soporte\/wp-content\/uploads\/2019\/02\/FOTOS-MANUEL-ANGARITA.jpg 2000w\" sizes=\"auto, (max-width: 1024px) 100vw, 1024px\" \/><\/p>\n<p>Se implemento el programa FONI\u00d1EZ, Atenci\u00f3n Integral a la Ni\u00f1ez y Jornada Escolar Complementaria, a partir de las apropiaciones obligatorias de los aportes recibidos.<\/p>\n<p>En el a\u00f1o 2010, la Caja de Compensaci\u00f3n Familiar de San Andr\u00e9s y Providencia Islas CAJASAI y el Polit\u00e9cnico Grancolombiano, Instituci\u00f3n Universitaria suscribieron un convenio con el objeto de acordar las condiciones log\u00edsticas para ofrecer programas acad\u00e9micos de educaci\u00f3n superior por medio de la plataforma virtual de la instituci\u00f3n educativa a estudiantes y afiliados.<\/p>\n<p>Con la expedici\u00f3n de la Ley 1636 de 2013, la cual tiene por objeto \u201ccrear un Mecanismo de Protecci\u00f3n al Cesante, cuya finalidad es la articulaci\u00f3n y ejecuci\u00f3n de un sistema integral de pol\u00edticas activas y pasivas de mitigaci\u00f3n de los efectos del desempleo que enfrentan los trabajadores; al tiempo que facilitar la reinserci\u00f3n de la poblaci\u00f3n cesante en el mercado laboral en condiciones de dignidad, mejoramiento de la calidad de vida, permanencia y formalizaci\u00f3n\u201d, al interior de la Caja de Compensaci\u00f3n Familiar CAJASAI, nace la necesidad de apoyar a la poblaci\u00f3n cesante y a aquellas personas que buscan mejorar sus condiciones laborales actuales, brind\u00e1ndoles servicios orientados a mejorar las posibilidades de acceso al mercado laboral. Dado lo anterior, mediante Resoluci\u00f3n 4028 del 28 de octubre 2013, la Unidad Administrativa Especial del Servicio P\u00fablico de Empleo autoriz\u00f3 a la Caja de Compensaci\u00f3n Familiar CAJASAI para la prestaci\u00f3n de servicios de gesti\u00f3n y colocaci\u00f3n de empleo, posteriormente modificada por la Resoluci\u00f3n 753 de octubre de 2014 y m\u00e1s tarde Resoluci\u00f3n 552 del 27 de Julio de 2015, es as\u00ed como se crea la Agencia de Gesti\u00f3n y Colocaci\u00f3n de Empleo CAJASAI, cuyo objetivo es Implementar estrategias para mejorar la oferta de servicios de gesti\u00f3n y colocaci\u00f3n de empleo, que haga m\u00e1s eficiente el encuentro entre la oferta y la demanda laboral del Archipi\u00e9lago de San Andr\u00e9s, Providencia y Santa Catalina, reduciendo los tiempos de b\u00fasqueda de empleo, los costos de b\u00fasqueda de trabajadores, contribuyendo de esta manera al mejoramiento de la calidad de vida de las personas y aumentar la productividad de las empresas.<\/p>\n<p>Mediante la resoluci\u00f3n No. 0540 del 10 de agosto de 2018 la Superintendencia del Subsidio Familiar en ejercicio de sus atribuciones legales aprob\u00f3 a CAJASAI la ejecuci\u00f3n de la primera etapa del proyecto de inversiones Remodelaci\u00f3n y Adecuaci\u00f3n del Centro Recreacional de San Luis, el cual abarc\u00f3 cerramiento, construcci\u00f3n de bloque de habitaciones, recepci\u00f3n y acceso principal. Es as\u00ed que el 7 de diciembre del 2020 CAJASAI inaugur\u00f3 la unidad estrat\u00e9gica de negocio como oferta de hospedaje denominada \u201cMAR DE CORALES BY CAJASAI\u201d.<\/p>\n\n\n<img decoding=\"async\" src=\"http:\/\/intranet.cajasai.com\/publico\/accesibilidad.png\" width=\"50px\" heigth=\"50px\">\n <audio controls>\n  <source src=\"http:\/\/intranet.cajasai.com\/publico\/historia2.mp3\" type=\"audio\/mpeg\">\nYour browser does not support the audio element.\n<\/audio>\n<img decoding=\"async\" src=\"https:\/\/cdn.icon-icons.com\/icons2\/1364\/PNG\/512\/deafsignlanguage_89138.png\" width=\"50px\" heigth=\"50px\" onclick=\"window.open('http:\/\/intranet.cajasai.com\/aXJpczo\/juridica.html','index','toolbar=mo,menubar=no,width=400,height=500,status=no,resizable=no,screenX=500,screenY=200,scrollbars=no');\">\n\n\n\n<p><\/p>\n","protected":false},"excerpt":{"rendered":"<p>Your browser does not support the audio element. El 29 de diciembre de 1978, un grupo de 35 comerciantes se reunieron en el Sal\u00f3n Cultura del Banco de la Rep\u00fablica para fundar la Caja&#46;&#46;&#46;<\/p>\n","protected":false},"author":1,"featured_media":0,"parent":0,"menu_order":0,"comment_status":"closed","ping_status":"closed","template":"","meta":{"_joinchat":[],"footnotes":""},"class_list":["post-242","page","type-page","status-publish","hentry"],"_links":{"self":[{"href":"https:\/\/cajasai.com\/soporte\/index.php?rest_route=\/wp\/v2\/pages\/242","targetHints":{"allow":["GET"]}}],"collection":[{"href":"https:\/\/cajasai.com\/soporte\/index.php?rest_route=\/wp\/v2\/pages"}],"about":[{"href":"https:\/\/cajasai.com\/soporte\/index.php?rest_route=\/wp\/v2\/types\/page"}],"author":[{"embeddable":true,"href":"https:\/\/cajasai.com\/soporte\/index.php?rest_route=\/wp\/v2\/users\/1"}],"replies":[{"embeddable":true,"href":"https:\/\/cajasai.com\/soporte\/index.php?rest_route=%2Fwp%2Fv2%2Fcomments&post=242"}],"version-history":[{"count":16,"href":"https:\/\/cajasai.com\/soporte\/index.php?rest_route=\/wp\/v2\/pages\/242\/revisions"}],"predecessor-version":[{"id":2138,"href":"https:\/\/cajasai.com\/soporte\/index.php?rest_route=\/wp\/v2\/pages\/242\/revisions\/2138"}],"wp:attachment":[{"href":"https:\/\/cajasai.com\/soporte\/index.php?rest_route=%2Fwp%2Fv2%2Fmedia&parent=242"}],"curies":[{"name":"wp","href":"https:\/\/api.w.org\/{rel}","templated":true}]}}