{"id":255,"date":"2018-04-04T00:59:42","date_gmt":"2018-04-04T00:59:42","guid":{"rendered":"http:\/\/cajasai.com\/soporte\/?page_id=255"},"modified":"2025-08-04T21:26:19","modified_gmt":"2025-08-04T21:26:19","slug":"programas","status":"publish","type":"page","link":"https:\/\/cajasai.com\/soporte\/?page_id=255","title":{"rendered":"Programas"},"content":{"rendered":"<p><strong>Agencia de Gesti\u00f3n y Colocaci\u00f3n de Empleo<\/strong><br \/>En sujeci\u00f3n a la Ley 1636, del 18 de Junio de 2013 por medio de la cual se crea el<br \/>Mecanismo de Protecci\u00f3n al Cesante de Colombia y con base en el Decreto 2852<br \/>del 06 de Diciembre de 2013, por el cual se reglamenta el Servicio P\u00fablico de<\/p>\n<p>Empleo y el r\u00e9gimen de prestaciones del Mecanismo de Protecci\u00f3n al Cesante, la<br \/>Agencia de Gesti\u00f3n y Colocaci\u00f3n de Empleo de CAJASAI ofrece los servicios de:<br \/>Registro de buscadores de empleo<\/p>\n<ul>\n<li>Registro de empleadores y vacantes<\/li>\n<li>Orientaci\u00f3n a los buscadores de empleo (desempleados y\/o empleados)<\/li>\n<li>\u00a0Remisi\u00f3n de los candidatos preseleccionados<\/li>\n<li>Talleres de competencias transversales<\/li>\n<li>Subsidio al desempleo<\/li>\n<\/ul>\n<p><strong>40.000 Primeros Empleos<\/strong><br \/>\u00c9ste programa tiene como objetivo promover la contracci\u00f3n de los j\u00f3venes entre<br \/>los 18 a 28 a\u00f1os de edad sin experiencia laboral, con nivel educativo bachiller,<br \/>t\u00e9cnico, tecn\u00f3logo y universitario.<\/p>\n\n\n<figure class=\"wp-block-image size-large is-resized\"><a href=\"https:\/\/cajasai.com\/soporte\/wp-content\/uploads\/2025\/08\/Imagen-de-WhatsApp-2025-08-04-a-las-16.18.01_ab0a7475.jpg\"><img loading=\"lazy\" decoding=\"async\" width=\"1024\" height=\"768\" src=\"https:\/\/cajasai.com\/soporte\/wp-content\/uploads\/2025\/08\/Imagen-de-WhatsApp-2025-08-04-a-las-16.18.01_ab0a7475-1024x768.jpg\" alt=\"\" class=\"wp-image-2142\" style=\"width:431px;height:auto\" srcset=\"https:\/\/cajasai.com\/soporte\/wp-content\/uploads\/2025\/08\/Imagen-de-WhatsApp-2025-08-04-a-las-16.18.01_ab0a7475-1024x768.jpg 1024w, https:\/\/cajasai.com\/soporte\/wp-content\/uploads\/2025\/08\/Imagen-de-WhatsApp-2025-08-04-a-las-16.18.01_ab0a7475-300x225.jpg 300w, https:\/\/cajasai.com\/soporte\/wp-content\/uploads\/2025\/08\/Imagen-de-WhatsApp-2025-08-04-a-las-16.18.01_ab0a7475-768x576.jpg 768w, https:\/\/cajasai.com\/soporte\/wp-content\/uploads\/2025\/08\/Imagen-de-WhatsApp-2025-08-04-a-las-16.18.01_ab0a7475-1536x1152.jpg 1536w, https:\/\/cajasai.com\/soporte\/wp-content\/uploads\/2025\/08\/Imagen-de-WhatsApp-2025-08-04-a-las-16.18.01_ab0a7475.jpg 1600w\" sizes=\"auto, (max-width: 1024px) 100vw, 1024px\" \/><\/a><\/figure>\n\n\n<p>\u00a0<\/p>\n<p><strong>Atenci\u00f3n Integral a la Ni\u00f1ez<\/strong><br \/>En el ejercicio de la inter-institucionalidad, la Caja suscribe convenios y contratos<br \/>de aporte con entidades gubernamentales para la atenci\u00f3n de ni\u00f1os y ni\u00f1as de la<br \/>primera infancia en el Archipi\u00e9lago.<\/p>\n<p><strong>Jornada Escolar Complementaria<\/strong><br \/>\u00c9ste programa de gran impacto social, brinda a estudiantes de las instituciones<br \/>educativas de la Isla, en su tiempo libre, un c\u00famulo de actividades recreo-<br \/>deportivas y de apoyo en los procesos acad\u00e9micos, contribuyendo a superar las<br \/>debilidades o falencias acad\u00e9micas; forjando el mejoramiento y el desarrollo<br \/>individual y colectivo de cada uno de ellos.<\/p>\n<p><strong>Desarrollo Integral y Apoyo Pedag\u00f3gico por el Mejoramiento en la<\/strong><br \/><strong>Calidad de la Educaci\u00f3n de los Afiliados y Beneficiarios de CAJASAI<\/strong><br \/><strong>Categor\u00eda A y B<\/strong><\/p>\n<p>La Biblioteca de la Caja de Compensaci\u00f3n Familiar lidera el programa de<br \/><strong>Desarrollo Integral y Apoyo Pedag\u00f3gico por el Mejoramiento en la<\/strong><br \/><strong>Calidad de la Educaci\u00f3n de los Afiliados y Beneficiarios de CAJASAI<\/strong><br \/><strong>Categor\u00eda A Y B,<\/strong> cuyo objetivo es brindar herramientas de apoyo y<br \/>fortalecimiento pedag\u00f3gico que le permita a la poblaci\u00f3n estudiantil, hijos de los<br \/>trabajadores afiliados (beneficiarios) de categor\u00edas A y B, el mejoramiento continuo<br \/>a trav\u00e9s de la asesor\u00eda, la orientaci\u00f3n y canalizaci\u00f3n del aprendizaje; con<br \/>resultados \u00f3ptimos que los motive a ser cada d\u00eda mejores personas con<br \/>conocimiento y formaci\u00f3n pertinente, ofreci\u00e9ndoles la capacidad de brindarle<br \/>apoyo a su entorno familiar, educativo y social. Las \u00e1reas b\u00e1sicas donde se brinda el apoyo<\/p>\n<p>y fortalecimiento pedag\u00f3gico son: matem\u00e1ticas, espa\u00f1ol, ciencias<br \/>naturales, ciencias sociales y f\u00edsica.<\/p>\n\n\n<figure class=\"wp-block-image size-large is-resized\"><a href=\"https:\/\/cajasai.com\/soporte\/wp-content\/uploads\/2025\/08\/Imagen-de-WhatsApp-2025-08-04-a-las-16.22.36_8f96cc7a-scaled.jpg\"><img loading=\"lazy\" decoding=\"async\" width=\"1024\" height=\"768\" src=\"https:\/\/cajasai.com\/soporte\/wp-content\/uploads\/2025\/08\/Imagen-de-WhatsApp-2025-08-04-a-las-16.22.36_8f96cc7a-1024x768.jpg\" alt=\"\" class=\"wp-image-2143\" style=\"width:481px;height:auto\" srcset=\"https:\/\/cajasai.com\/soporte\/wp-content\/uploads\/2025\/08\/Imagen-de-WhatsApp-2025-08-04-a-las-16.22.36_8f96cc7a-1024x768.jpg 1024w, https:\/\/cajasai.com\/soporte\/wp-content\/uploads\/2025\/08\/Imagen-de-WhatsApp-2025-08-04-a-las-16.22.36_8f96cc7a-300x225.jpg 300w, https:\/\/cajasai.com\/soporte\/wp-content\/uploads\/2025\/08\/Imagen-de-WhatsApp-2025-08-04-a-las-16.22.36_8f96cc7a-768x576.jpg 768w, https:\/\/cajasai.com\/soporte\/wp-content\/uploads\/2025\/08\/Imagen-de-WhatsApp-2025-08-04-a-las-16.22.36_8f96cc7a-1536x1152.jpg 1536w, https:\/\/cajasai.com\/soporte\/wp-content\/uploads\/2025\/08\/Imagen-de-WhatsApp-2025-08-04-a-las-16.22.36_8f96cc7a-2048x1536.jpg 2048w\" sizes=\"auto, (max-width: 1024px) 100vw, 1024px\" \/><\/a><\/figure>\n\n\n<p><strong>Adulto Mayor y Poblaci\u00f3n en Condici\u00f3n de Discapacidad Adulta<\/strong><br \/>Los programas especiales de CAJASAI le brinda a la poblaci\u00f3n en condici\u00f3n de<br \/>discapacidad adulta y adultos mayores, servicios a trav\u00e9s de estrategias l\u00fadicas-<br \/>recreativas, art\u00edsticas, culturales y deportivas, con la finalidad de dinamizar su<br \/>desarrollo personal de manera integral con un valor agregado en formaci\u00f3n<br \/>productiva para el bienestar y mejoramiento de su calidad de vida.<\/p>\n\n\n<figure class=\"wp-block-image size-large is-resized\"><a href=\"https:\/\/cajasai.com\/soporte\/wp-content\/uploads\/2025\/08\/Imagen-de-WhatsApp-2025-08-04-a-las-16.25.05_74bbe918.jpg\"><img loading=\"lazy\" decoding=\"async\" width=\"1024\" height=\"456\" src=\"https:\/\/cajasai.com\/soporte\/wp-content\/uploads\/2025\/08\/Imagen-de-WhatsApp-2025-08-04-a-las-16.25.05_74bbe918-1024x456.jpg\" alt=\"\" class=\"wp-image-2144\" style=\"width:662px;height:auto\" srcset=\"https:\/\/cajasai.com\/soporte\/wp-content\/uploads\/2025\/08\/Imagen-de-WhatsApp-2025-08-04-a-las-16.25.05_74bbe918-1024x456.jpg 1024w, https:\/\/cajasai.com\/soporte\/wp-content\/uploads\/2025\/08\/Imagen-de-WhatsApp-2025-08-04-a-las-16.25.05_74bbe918-300x134.jpg 300w, https:\/\/cajasai.com\/soporte\/wp-content\/uploads\/2025\/08\/Imagen-de-WhatsApp-2025-08-04-a-las-16.25.05_74bbe918-768x342.jpg 768w, https:\/\/cajasai.com\/soporte\/wp-content\/uploads\/2025\/08\/Imagen-de-WhatsApp-2025-08-04-a-las-16.25.05_74bbe918.jpg 1280w\" sizes=\"auto, (max-width: 1024px) 100vw, 1024px\" \/><\/a><\/figure>\n","protected":false},"excerpt":{"rendered":"<p>Agencia de Gesti\u00f3n y Colocaci\u00f3n de EmpleoEn sujeci\u00f3n a la Ley 1636, del 18 de Junio de 2013 por medio de la cual se crea elMecanismo de Protecci\u00f3n al Cesante de Colombia y con&#46;&#46;&#46;<\/p>\n","protected":false},"author":1,"featured_media":0,"parent":0,"menu_order":0,"comment_status":"closed","ping_status":"closed","template":"","meta":{"_joinchat":[],"footnotes":""},"class_list":["post-255","page","type-page","status-publish","hentry"],"_links":{"self":[{"href":"https:\/\/cajasai.com\/soporte\/index.php?rest_route=\/wp\/v2\/pages\/255","targetHints":{"allow":["GET"]}}],"collection":[{"href":"https:\/\/cajasai.com\/soporte\/index.php?rest_route=\/wp\/v2\/pages"}],"about":[{"href":"https:\/\/cajasai.com\/soporte\/index.php?rest_route=\/wp\/v2\/types\/page"}],"author":[{"embeddable":true,"href":"https:\/\/cajasai.com\/soporte\/index.php?rest_route=\/wp\/v2\/users\/1"}],"replies":[{"embeddable":true,"href":"https:\/\/cajasai.com\/soporte\/index.php?rest_route=%2Fwp%2Fv2%2Fcomments&post=255"}],"version-history":[{"count":8,"href":"https:\/\/cajasai.com\/soporte\/index.php?rest_route=\/wp\/v2\/pages\/255\/revisions"}],"predecessor-version":[{"id":2147,"href":"https:\/\/cajasai.com\/soporte\/index.php?rest_route=\/wp\/v2\/pages\/255\/revisions\/2147"}],"wp:attachment":[{"href":"https:\/\/cajasai.com\/soporte\/index.php?rest_route=%2Fwp%2Fv2%2Fmedia&parent=255"}],"curies":[{"name":"wp","href":"https:\/\/api.w.org\/{rel}","templated":true}]}}