{"id":257,"date":"2018-04-04T01:03:24","date_gmt":"2018-04-04T01:03:24","guid":{"rendered":"http:\/\/cajasai.com\/soporte\/?page_id=257"},"modified":"2025-08-04T22:07:32","modified_gmt":"2025-08-04T22:07:32","slug":"alianzas-y-convenios","status":"publish","type":"page","link":"https:\/\/cajasai.com\/soporte\/?page_id=257","title":{"rendered":"Alianzas Y Convenios"},"content":{"rendered":"\n<img decoding=\"async\" src=\"https:\/\/cdn-icons-png.flaticon.com\/512\/414\/414272.png\" width=\"50px\" heigth=\"50px\"><br>\n <audio controls>\n  <source src=\"http:\/\/intranet.cajasai.com\/publico\/politecnico.mp3\" type=\"audio\/mpeg\">\nYour browser does not support the audio element.\n<\/audio> \n <audio controls>\n  <source src=\"http:\/\/intranet.cajasai.com\/publico\/lhm.mp3\" type=\"audio\/mpeg\">\nYour browser does not support the audio element.\n<\/audio>\n\n\n<ul>\n<li><strong>Polit\u00e9cnico Grancolombiano<\/strong><br \/>A trav\u00e9s del convenio CAJASAI \u2013 Polit\u00e9cnico Grancolombiano podr\u00e1n acceder a los programas universitarios totalmente virtuales; los afiliados de Categor\u00edas A y B podr\u00e1n recibir un subsidio educativo sobre el costo de su matr\u00edcula. As\u00ed mismo, los funcionarios de la Polic\u00eda Nacional reciben un descuento del 15%, los estudiantes Alianza SENA reciben un descuento del 10%, y Raizales y residentes reciben un descuento del 12% presentando su tarjeta OCCRE.<\/li>\n<\/ul>\n\n<div class=\"wp-block-image\">\n<figure class=\"aligncenter size-large is-resized\"><a href=\"https:\/\/cajasai.com\/soporte\/wp-content\/uploads\/2025\/08\/Imagen-de-WhatsApp-2025-08-04-a-las-16.52.54_d30a33c0.jpg\"><img loading=\"lazy\" decoding=\"async\" width=\"1024\" height=\"768\" src=\"https:\/\/cajasai.com\/soporte\/wp-content\/uploads\/2025\/08\/Imagen-de-WhatsApp-2025-08-04-a-las-16.52.54_d30a33c0-1024x768.jpg\" alt=\"\" class=\"wp-image-2155\" style=\"width:359px;height:auto\" srcset=\"https:\/\/cajasai.com\/soporte\/wp-content\/uploads\/2025\/08\/Imagen-de-WhatsApp-2025-08-04-a-las-16.52.54_d30a33c0-1024x768.jpg 1024w, https:\/\/cajasai.com\/soporte\/wp-content\/uploads\/2025\/08\/Imagen-de-WhatsApp-2025-08-04-a-las-16.52.54_d30a33c0-300x225.jpg 300w, https:\/\/cajasai.com\/soporte\/wp-content\/uploads\/2025\/08\/Imagen-de-WhatsApp-2025-08-04-a-las-16.52.54_d30a33c0-768x576.jpg 768w, https:\/\/cajasai.com\/soporte\/wp-content\/uploads\/2025\/08\/Imagen-de-WhatsApp-2025-08-04-a-las-16.52.54_d30a33c0.jpg 1280w\" sizes=\"auto, (max-width: 1024px) 100vw, 1024px\" \/><\/a><\/figure>\n<\/div>\n\n\n<ul class=\"wp-block-list\">\n<li><strong>Coorserpark:<\/strong> con usted en los momentos dif\u00edciles Entidad prestadora de servicios exequiales para los trabajadores afiliados y su grupo familiar, con protecci\u00f3n a nivel nacional.<\/li>\n<\/ul>\n\n\n<div class=\"wp-block-image\">\n<figure class=\"aligncenter size-large is-resized\"><a href=\"https:\/\/cajasai.com\/soporte\/wp-content\/uploads\/2025\/08\/logo-scaled.png\"><img loading=\"lazy\" decoding=\"async\" width=\"1024\" height=\"239\" src=\"https:\/\/cajasai.com\/soporte\/wp-content\/uploads\/2025\/08\/logo-1024x239.png\" alt=\"\" class=\"wp-image-2156\" style=\"width:433px;height:auto\" srcset=\"https:\/\/cajasai.com\/soporte\/wp-content\/uploads\/2025\/08\/logo-1024x239.png 1024w, https:\/\/cajasai.com\/soporte\/wp-content\/uploads\/2025\/08\/logo-300x70.png 300w, https:\/\/cajasai.com\/soporte\/wp-content\/uploads\/2025\/08\/logo-768x179.png 768w, https:\/\/cajasai.com\/soporte\/wp-content\/uploads\/2025\/08\/logo-1536x358.png 1536w, https:\/\/cajasai.com\/soporte\/wp-content\/uploads\/2025\/08\/logo-2048x477.png 2048w\" sizes=\"auto, (max-width: 1024px) 100vw, 1024px\" \/><\/a><\/figure>\n<\/div>\n\n\n<ul class=\"wp-block-list\">\n<li><strong>Universidad Aut\u00f3noma del Caribe<\/strong><br>Descuento sobre el valor de la matr\u00edcula, descuentos en cursos, seminarios y diplomados, descuentos sobre las tarifas comerciales de loes escenarios, espacios y recursos de la Universidad.<\/li>\n<\/ul>\n\n\n<div class=\"wp-block-image\">\n<figure class=\"aligncenter size-full is-resized\"><a href=\"https:\/\/cajasai.com\/soporte\/wp-content\/uploads\/2025\/08\/universidad-Autonoma-Caribe.png\"><img loading=\"lazy\" decoding=\"async\" width=\"888\" height=\"343\" src=\"https:\/\/cajasai.com\/soporte\/wp-content\/uploads\/2025\/08\/universidad-Autonoma-Caribe.png\" alt=\"\" class=\"wp-image-2157\" style=\"width:337px;height:auto\" srcset=\"https:\/\/cajasai.com\/soporte\/wp-content\/uploads\/2025\/08\/universidad-Autonoma-Caribe.png 888w, https:\/\/cajasai.com\/soporte\/wp-content\/uploads\/2025\/08\/universidad-Autonoma-Caribe-300x116.png 300w, https:\/\/cajasai.com\/soporte\/wp-content\/uploads\/2025\/08\/universidad-Autonoma-Caribe-768x297.png 768w\" sizes=\"auto, (max-width: 888px) 100vw, 888px\" \/><\/a><\/figure>\n<\/div>\n\n\n<ul class=\"wp-block-list\">\n<li><strong>Centro Odontol\u00f3gico LAMAR<\/strong><br>Tarifas preferenciales y facilidades de pago sobre servicios odontol\u00f3gicos.<\/li>\n<\/ul>\n\n\n<div class=\"wp-block-image\">\n<figure class=\"aligncenter size-full is-resized\"><a href=\"https:\/\/cajasai.com\/soporte\/wp-content\/uploads\/2025\/08\/images.png\"><img loading=\"lazy\" decoding=\"async\" width=\"256\" height=\"197\" src=\"https:\/\/cajasai.com\/soporte\/wp-content\/uploads\/2025\/08\/images.png\" alt=\"\" class=\"wp-image-2158\" style=\"width:185px;height:auto\"\/><\/a><\/figure>\n<\/div>\n\n\n<p><strong>Comfenalco Tolima.<\/strong><br>Pregunta por este convenio en las oficinas de CAJASAI y disfruta de beneficios con este convenio.<\/p>\n\n\n<div class=\"wp-block-image\">\n<figure class=\"aligncenter size-full is-resized\"><a href=\"https:\/\/cajasai.com\/soporte\/wp-content\/uploads\/2025\/08\/images-1.png\"><img loading=\"lazy\" decoding=\"async\" width=\"180\" height=\"180\" src=\"https:\/\/cajasai.com\/soporte\/wp-content\/uploads\/2025\/08\/images-1.png\" alt=\"\" class=\"wp-image-2159\" style=\"width:245px;height:auto\" srcset=\"https:\/\/cajasai.com\/soporte\/wp-content\/uploads\/2025\/08\/images-1.png 180w, https:\/\/cajasai.com\/soporte\/wp-content\/uploads\/2025\/08\/images-1-150x150.png 150w, https:\/\/cajasai.com\/soporte\/wp-content\/uploads\/2025\/08\/images-1-160x160.png 160w, https:\/\/cajasai.com\/soporte\/wp-content\/uploads\/2025\/08\/images-1-320x320.png 320w\" sizes=\"auto, (max-width: 180px) 100vw, 180px\" \/><\/a><\/figure>\n<\/div>\n\n\n<p><strong>Variedades Jenny<\/strong><br>Pregunta por este convenio en las oficinas de CAJASAI por el convenio de libranzas<\/p>\n\n\n<div class=\"wp-block-image\">\n<figure class=\"aligncenter size-full is-resized\"><a href=\"https:\/\/cajasai.com\/soporte\/wp-content\/uploads\/2025\/08\/Imagen-de-WhatsApp-2025-08-04-a-las-17.05.28_1e982025.jpg\"><img loading=\"lazy\" decoding=\"async\" width=\"788\" height=\"788\" src=\"https:\/\/cajasai.com\/soporte\/wp-content\/uploads\/2025\/08\/Imagen-de-WhatsApp-2025-08-04-a-las-17.05.28_1e982025.jpg\" alt=\"\" class=\"wp-image-2160\" style=\"width:300px;height:auto\" srcset=\"https:\/\/cajasai.com\/soporte\/wp-content\/uploads\/2025\/08\/Imagen-de-WhatsApp-2025-08-04-a-las-17.05.28_1e982025.jpg 788w, https:\/\/cajasai.com\/soporte\/wp-content\/uploads\/2025\/08\/Imagen-de-WhatsApp-2025-08-04-a-las-17.05.28_1e982025-300x300.jpg 300w, https:\/\/cajasai.com\/soporte\/wp-content\/uploads\/2025\/08\/Imagen-de-WhatsApp-2025-08-04-a-las-17.05.28_1e982025-150x150.jpg 150w, https:\/\/cajasai.com\/soporte\/wp-content\/uploads\/2025\/08\/Imagen-de-WhatsApp-2025-08-04-a-las-17.05.28_1e982025-768x768.jpg 768w, https:\/\/cajasai.com\/soporte\/wp-content\/uploads\/2025\/08\/Imagen-de-WhatsApp-2025-08-04-a-las-17.05.28_1e982025-160x160.jpg 160w, https:\/\/cajasai.com\/soporte\/wp-content\/uploads\/2025\/08\/Imagen-de-WhatsApp-2025-08-04-a-las-17.05.28_1e982025-320x320.jpg 320w\" sizes=\"auto, (max-width: 788px) 100vw, 788px\" \/><\/a><\/figure>\n<\/div>\n\n\n<p><strong>NAFAR IMPORT AND EXPORT S.A.S<\/strong><br>Pregunta por este convenio en las oficinas de CAJASAI por el convenio de libranzas<\/p>\n\n\n<div class=\"wp-block-image\">\n<figure class=\"aligncenter size-full is-resized\"><a href=\"https:\/\/cajasai.com\/soporte\/wp-content\/uploads\/2025\/08\/Imagen-de-WhatsApp-2025-08-04-a-las-17.06.40_dcf5aecd.jpg\"><img loading=\"lazy\" decoding=\"async\" width=\"320\" height=\"320\" src=\"https:\/\/cajasai.com\/soporte\/wp-content\/uploads\/2025\/08\/Imagen-de-WhatsApp-2025-08-04-a-las-17.06.40_dcf5aecd.jpg\" alt=\"\" class=\"wp-image-2161\" style=\"width:226px;height:auto\" srcset=\"https:\/\/cajasai.com\/soporte\/wp-content\/uploads\/2025\/08\/Imagen-de-WhatsApp-2025-08-04-a-las-17.06.40_dcf5aecd.jpg 320w, https:\/\/cajasai.com\/soporte\/wp-content\/uploads\/2025\/08\/Imagen-de-WhatsApp-2025-08-04-a-las-17.06.40_dcf5aecd-300x300.jpg 300w, https:\/\/cajasai.com\/soporte\/wp-content\/uploads\/2025\/08\/Imagen-de-WhatsApp-2025-08-04-a-las-17.06.40_dcf5aecd-150x150.jpg 150w, https:\/\/cajasai.com\/soporte\/wp-content\/uploads\/2025\/08\/Imagen-de-WhatsApp-2025-08-04-a-las-17.06.40_dcf5aecd-160x160.jpg 160w\" sizes=\"auto, (max-width: 320px) 100vw, 320px\" \/><\/a><\/figure>\n<\/div>\n\n\n<p><\/p>\n","protected":false},"excerpt":{"rendered":"<p>Your browser does not support the audio element. Your browser does not support the audio element. Polit\u00e9cnico GrancolombianoA trav\u00e9s del convenio CAJASAI \u2013 Polit\u00e9cnico Grancolombiano podr\u00e1n acceder a los programas universitarios totalmente virtuales; los&#46;&#46;&#46;<\/p>\n","protected":false},"author":1,"featured_media":0,"parent":0,"menu_order":0,"comment_status":"closed","ping_status":"closed","template":"","meta":{"_joinchat":[],"footnotes":""},"class_list":["post-257","page","type-page","status-publish","hentry"],"_links":{"self":[{"href":"https:\/\/cajasai.com\/soporte\/index.php?rest_route=\/wp\/v2\/pages\/257","targetHints":{"allow":["GET"]}}],"collection":[{"href":"https:\/\/cajasai.com\/soporte\/index.php?rest_route=\/wp\/v2\/pages"}],"about":[{"href":"https:\/\/cajasai.com\/soporte\/index.php?rest_route=\/wp\/v2\/types\/page"}],"author":[{"embeddable":true,"href":"https:\/\/cajasai.com\/soporte\/index.php?rest_route=\/wp\/v2\/users\/1"}],"replies":[{"embeddable":true,"href":"https:\/\/cajasai.com\/soporte\/index.php?rest_route=%2Fwp%2Fv2%2Fcomments&post=257"}],"version-history":[{"count":17,"href":"https:\/\/cajasai.com\/soporte\/index.php?rest_route=\/wp\/v2\/pages\/257\/revisions"}],"predecessor-version":[{"id":2162,"href":"https:\/\/cajasai.com\/soporte\/index.php?rest_route=\/wp\/v2\/pages\/257\/revisions\/2162"}],"wp:attachment":[{"href":"https:\/\/cajasai.com\/soporte\/index.php?rest_route=%2Fwp%2Fv2%2Fmedia&parent=257"}],"curies":[{"name":"wp","href":"https:\/\/api.w.org\/{rel}","templated":true}]}}