{"id":259,"date":"2018-04-04T01:09:16","date_gmt":"2018-04-04T01:09:16","guid":{"rendered":"http:\/\/cajasai.com\/soporte\/?page_id=259"},"modified":"2025-11-28T19:42:35","modified_gmt":"2025-11-28T19:42:35","slug":"afiliacion","status":"publish","type":"page","link":"https:\/\/cajasai.com\/soporte\/?page_id=259","title":{"rendered":"Afiliacion"},"content":{"rendered":"<p><strong>Formularios de inscripci\u00f3n:<\/strong><\/p>\n<p><a href=\"http:\/\/intranet.cajasai.com\/993e5\/aportes\/formulario_empresa.pdf\" target=\"_blank\" rel=\"noopener noreferrer\"><span style=\"color: #000080;\">Descargar Formulario de Afiliaci\u00f3n de Empleadores<\/span><\/a><\/p>\n<p><span style=\"color: #000080;\"><a style=\"color: #000080;\" href=\"http:\/\/intranet.cajasai.com\/993e5\/aportes\/FORMULARIO_AFILIACION_TRABAJADORES.pdf\" target=\"_blank\" rel=\"noopener noreferrer\">Descargar Formulario de afiliaci\u00f3n de trabajadores<\/a><\/span><\/p>\n<p><strong>Declaraci\u00f3n Juramentada (Padres y\/o personas con discapacidad)<\/strong><\/p>\n<p><a href=\"https:\/\/cajasai.com\/soporte\/wp-content\/uploads\/2025\/11\/Formato_Declaracion_Juramentada_cajasai.pdf\" target=\"_blank\" rel=\"noopener\"><span style=\"color: #000080;\">Descargar Declaraci\u00f3n Juramentada<\/span><\/a><\/p>\n<p><strong>Requisitos para la afiliaci\u00f3n de trabajadores<\/strong> <strong>Trabajador soltero:<\/strong><\/p>\n<ul>\n<li>Formulario de afiliaci\u00f3n<\/li>\n<li>\u00a0Documento de identificaci\u00f3n del trabajador<\/li>\n<\/ul>\n<p><strong>Trabajador con c\u00f3nyuge sin hijos:<\/strong><\/p>\n<ul>\n<li>Formulario de afiliaci\u00f3n<\/li>\n<li>\u00a0Documento de identificaci\u00f3n del trabajador<\/li>\n<li>Documento de identificaci\u00f3n del c\u00f3nyuge<\/li>\n<\/ul>\n<p><strong>Trabajador con c\u00f3nyuge e hijos de la uni\u00f3n<\/strong><\/p>\n<ul>\n<li>Formulario de afiliaci\u00f3n<\/li>\n<li>\u00a0Documento de identificaci\u00f3n del trabajador<\/li>\n<li>\u00a0Documento de identificaci\u00f3n del c\u00f3nyuge<\/li>\n<li>\u00a0Constancia laboral del c\u00f3nyuge<\/li>\n<li>\u00a0Manifestaci\u00f3n del estado civil: utilizar formato establecido por el Ministerio del Trabajo, preferiblemente con firma de la madre<\/li>\n<li>Registro civil de nacimiento de los hijos<\/li>\n<li>\u00a0Certificado de estudio para hijos mayores de 12 a\u00f1os<\/li>\n<\/ul>\n<p><strong>Trabajador con c\u00f3nyuge e hijastro<\/strong><\/p>\n<ul>\n<li>\u00a0Formulario de afiliaci\u00f3n<\/li>\n<li>Documento de identificaci\u00f3n del trabajador<\/li>\n<li>Documento de identificaci\u00f3n del c\u00f3nyuge<\/li>\n<li>\u00a0Constancia laboral del c\u00f3nyuge o declaraci\u00f3n de dependencia econ\u00f3mica de los hijastros. Utilizar formato establecido por el Ministerio de Trabajo<\/li>\n<li>\u00a0Manifestaci\u00f3n de uni\u00f3n libre: utilizar formato establecido por el Ministerio del Trabajo<\/li>\n<li>\u00a0Registro civil de nacimiento de los hijastros<\/li>\n<li>\u00a0Certificado de estudio de los hijastros mayores de 12 a\u00f1os<\/li>\n<li>\u00a0Custodia o declaraci\u00f3n juramentada<\/li>\n<li>\u00a0Para hijastros con discapacidad, certificado m\u00e9dico de la EPS donde conste la discapacidad y tipo de discapacidad.<\/li>\n<li>\u00a0Copia de c\u00e9dula de ciudadan\u00eda de la madre o padre biol\u00f3gico que no est\u00e9n recibiendo subsidio familiar<\/li>\n<li>\u00a0Dependencia Econ\u00f3mica: utilizar formato establecido por el Ministerio de Trabajo.<\/li>\n<\/ul>\n<p><strong>Trabajador soltero o separado con hijos<\/strong><\/p>\n<ul>\n<li>Formulario de afiliaci\u00f3n<\/li>\n<li>Documento de identificaci\u00f3n del trabajador<\/li>\n<li>\u00a0Documento de identificaci\u00f3n del padre o madre del menor.<\/li>\n<li>\u00a0Constancia laboral del c\u00f3nyuge<\/li>\n<li>\u00a0Registro civil de nacimiento de los hijos<\/li>\n<li>\u00a0Certificado de estudio para los hijos mayores de 12 a\u00f1os<\/li>\n<li>\u00a0Custodia o declaraci\u00f3n juramentada: utilizar formato establecido por el Ministerio del Trabajo, preferiblemente con firma de la madre<\/li>\n<li>\u00a0Para hijos con discapacidad, certificado de la EPS donde conste la discapacidad y tipo de discapacidad.<\/li>\n<\/ul>\n<p><strong>Padres de trabajadores (mayores de 60 a\u00f1os)<\/strong><\/p>\n<ul>\n<li>\u00a0Formulario de afiliaci\u00f3n<\/li>\n<li>Documento de identificaci\u00f3n del trabajador<\/li>\n<li>\u00a0Documento de identificaci\u00f3n del padre o madre<\/li>\n<li>\u00a0Registro civil de nacimiento del trabajador<\/li>\n<li>Manifestaci\u00f3n de dependencia econ\u00f3mica por el padre o madre, firmado por el trabajador y padres. Utilizar formato establecido por el Ministerio de Trabajo<\/li>\n<li>\u00a0Certificado de EPS donde conste el tipo de afiliaci\u00f3n<\/li>\n<li>\u00a0Declaraci\u00f3n juramentada de no recibir pensi\u00f3n, salario, ni renta. Utilizar formato establecido por el Ministerio de Trabajo<\/li>\n<\/ul>\n<p><strong>Hermanos del trabajador hu\u00e9rfanos de padres<\/strong><\/p>\n<ul>\n<li>\u00a0Formulario de afiliaci\u00f3n<\/li>\n<li>Documento de identificaci\u00f3n del trabajador<\/li>\n<li>Declaraci\u00f3n juramentada donde conste la convivencia y dependencia econ\u00f3mica del hermano hu\u00e9rfano de padres, con el trabajador. Utilizar formato establecido por el Ministerio de Trabajo<\/li>\n<li>\u00a0Registro civil del nacimiento del trabajador<\/li>\n<li>Registro civil de nacimiento del hermano<\/li>\n<li>Registro de defunci\u00f3n de los padres<\/li>\n<li>\u00a0Certificado de estudio para hermanos mayores de 12 a\u00f1os<\/li>\n<\/ul>\n<p><strong>Trabajador independiente<\/strong><\/p>\n<ul>\n<li>Formulario de afiliaci\u00f3n<\/li>\n<li>Documento de identidad del trabajador independiente<\/li>\n<li>\u00a0Documento de identidad del c\u00f3nyuge<\/li>\n<li>\u00a0Registro civil de hijos, fotocopia de tarjeta de identidad si son mayores de 7 a\u00f1os.<\/li>\n<\/ul>\n<p><strong>Empresa\/Empleadores<\/strong><\/p>\n<ul>\n<li>Formulario de Afiliaci\u00f3n<\/li>\n<li>\u00a0Documento de identidad del representante legal<\/li>\n<li>\u00a0Certificado de existencia y representaci\u00f3n legal expedido por la C\u00e1mara de Comercio<\/li>\n<li>\u00a0Copia escritura de constituci\u00f3n de la empresa y\/o resoluci\u00f3n que acredite la personer\u00eda jur\u00eddica, cuando sea el caso.<\/li>\n<li>\u00a0Fotocopia Registro \u00danico Tributario RUT<\/li>\n<li>Fotocopia \u00faltima n\u00f3mina firmada por el responsable<\/li>\n<\/ul>\n","protected":false},"excerpt":{"rendered":"<p>Formularios de inscripci\u00f3n: Descargar Formulario de Afiliaci\u00f3n de Empleadores Descargar Formulario de afiliaci\u00f3n de trabajadores Declaraci\u00f3n Juramentada (Padres y\/o personas con discapacidad) Descargar Declaraci\u00f3n Juramentada Requisitos para la afiliaci\u00f3n de trabajadores Trabajador soltero: Formulario&#46;&#46;&#46;<\/p>\n","protected":false},"author":1,"featured_media":0,"parent":0,"menu_order":0,"comment_status":"closed","ping_status":"closed","template":"","meta":{"_joinchat":[],"footnotes":""},"class_list":["post-259","page","type-page","status-publish","hentry"],"_links":{"self":[{"href":"https:\/\/cajasai.com\/soporte\/index.php?rest_route=\/wp\/v2\/pages\/259","targetHints":{"allow":["GET"]}}],"collection":[{"href":"https:\/\/cajasai.com\/soporte\/index.php?rest_route=\/wp\/v2\/pages"}],"about":[{"href":"https:\/\/cajasai.com\/soporte\/index.php?rest_route=\/wp\/v2\/types\/page"}],"author":[{"embeddable":true,"href":"https:\/\/cajasai.com\/soporte\/index.php?rest_route=\/wp\/v2\/users\/1"}],"replies":[{"embeddable":true,"href":"https:\/\/cajasai.com\/soporte\/index.php?rest_route=%2Fwp%2Fv2%2Fcomments&post=259"}],"version-history":[{"count":19,"href":"https:\/\/cajasai.com\/soporte\/index.php?rest_route=\/wp\/v2\/pages\/259\/revisions"}],"predecessor-version":[{"id":2219,"href":"https:\/\/cajasai.com\/soporte\/index.php?rest_route=\/wp\/v2\/pages\/259\/revisions\/2219"}],"wp:attachment":[{"href":"https:\/\/cajasai.com\/soporte\/index.php?rest_route=%2Fwp%2Fv2%2Fmedia&parent=259"}],"curies":[{"name":"wp","href":"https:\/\/api.w.org\/{rel}","templated":true}]}}