{"id":43,"date":"2018-03-01T22:11:44","date_gmt":"2018-03-01T22:11:44","guid":{"rendered":"http:\/\/cajasai.com\/soporte\/?page_id=43"},"modified":"2024-04-03T16:35:39","modified_gmt":"2024-04-03T16:35:39","slug":"aportes-y-subsidios","status":"publish","type":"page","link":"https:\/\/cajasai.com\/soporte\/?page_id=43","title":{"rendered":"Cuota Monetaria"},"content":{"rendered":"\n<img decoding=\"async\" src=\"http:\/\/intranet.cajasai.com\/publico\/accesibilidad.png\" width=\"50px\" heigth=\"50px\">\n <audio controls=\"\">\n  <source src=\"http:\/\/intranet.cajasai.com\/publico\/cuota_monetaria.mp3\" type=\"audio\/mpeg\">\nYour browser does not support the audio element.\n<\/audio>\n<img decoding=\"async\" src=\"https:\/\/cdn.icon-icons.com\/icons2\/1364\/PNG\/512\/deafsignlanguage_89138.png\" width=\"50px\" heigth=\"50px\" onclick=\"window.open('http:\/\/intranet.cajasai.com\/aXJpczo\/pago.html','index','toolbar=mo,menubar=no,width=400,height=400,status=no,resizable=no,screenX=500,screenY=200,scrollbars=no');\">\n\n\n<h1><strong>Medio de pago:<\/strong><\/h1>\n<p>Informamos a nuestros trabajadores afiliados que ahora el\u00a0<strong>pago de la cuota monetaria\u00a0<\/strong>se realizar\u00e1 \u00fanicamente a trav\u00e9s de\u00a0<strong>DAVIPLATA<\/strong> y reemplazar\u00e1 al pago por SUPERGIROS.<\/p>\n<p>\u00a0<\/p>\n<p><strong>DAVIPLATA le permitir\u00e1 a los afiliados:<\/strong><\/p>\n<ul>\n<li>\n<p align=\"JUSTIFY\">Retirar el subsidio en efectivo las 24 horas del d\u00eda, en los cajeros autom\u00e1ticos Davivienda a nivel nacional. Al ser un producto financiero, el afiliado puede solicitar extractos y certificaciones a trav\u00e9s del\u00a0<em>Call center<\/em>\u00a0DAVIPLATA #688.<\/p>\n<\/li>\n<li>\n<p align=\"JUSTIFY\">El n\u00famero de cuenta ser\u00e1 el n\u00famero de celular. Al momento de activar el DAVIPLATA el beneficiario asignar\u00e1 una clave secreta de 4 d\u00edgitos.<\/p>\n<\/li>\n<li>\n<p align=\"JUSTIFY\">El producto se utiliza en cualquier celular sin consumo de minutos.<\/p>\n<\/li>\n<li>\n<p align=\"JUSTIFY\">Sin cobro del 4*1000 ni cuota de manejo.\u00a0Transacciones Ilimitadas sin costo: Giros nacionales desde su DAVIPLATA, retiros, consultas, pagos de servicios y recargas de minutos.<\/p>\n<\/li>\n<li>\n<p align=\"JUSTIFY\">En caso p\u00e9rdida del celular, el afiliado podr\u00e1 registrarse en otro celular con la misma clave personal de 4 n\u00fameros, y deber\u00e1 informar a la caja para actualizar los datos antes de la entrega del pr\u00f3ximo subsidio.<\/p>\n<\/li>\n<\/ul>\n<h1><strong><a href=\"http:\/\/cajasai.com\/soporte\/wp-content\/uploads\/2018\/03\/cajasai_sub_titulo1.gif\"><img loading=\"lazy\" decoding=\"async\" class=\"alignnone wp-image-81\" src=\"http:\/\/cajasai.com\/soporte\/wp-content\/uploads\/2018\/03\/cajasai_sub_titulo1.gif\" alt=\"\" width=\"335\" height=\"67\" \/><\/a><\/strong><\/h1>\n<p>Es una prestaci\u00f3n social pagadera en dinero, especie o servicios a los trabajadores de menores y medianos ingresos, en proporci\u00f3n al n\u00famero de las personas a cargo y cuyo objetivo fundamental es aliviar las cargas econ\u00f3micas que representan el sostenimiento de la familia.<\/p>\n<p><strong>Cuota Monetaria<\/strong><br \/>Es un subsidio que Cajasai le entrega mensualmente a los trabajadores afiliados que ganan hasta 4 salarios m\u00ednimos y que sumados sus ingresos con el c\u00f3nyuge o compa\u00f1ero(a), no sobrepasen seis (6) salarios m\u00ednimos legales mensuales vigentes en proporci\u00f3n al n\u00famero de personas a cargo.<\/p>\n<p>Son beneficiarios del Subsidio Familiar los trabajadores que re\u00fanan los siguientes requisitos:<\/p>\n<ul>\n<li>Tener remuneraci\u00f3n mensual fija o variable que no sobrepase el limite de cuatro<br \/>(4) salarios (m.m.l.v).<\/li>\n<li>\u00a0Tener car\u00e1cter de permanente.<\/li>\n<li>Que laboren diariamente m\u00e1s de la mitad de la jornada m\u00e1xima legal ordinaria<br \/>o totalicen un m\u00ednimo de 96 horas de labor durante el respectivo mes.<\/li>\n<li>\u00a0Tener personas a cargo que den derecho a recibir la prestaci\u00f3n.<\/li>\n<\/ul>\n<p><strong>Personas a cargo<\/strong><br \/>Tendr\u00e1 derecho al Subsidio Familiar las siguientes personas que se encuentren bajo el cargo del trabajador<\/p>\n<ul>\n<li>\u00a0Los hijos, los adoptivos y los hijastros.<\/li>\n<li>\u00a0Los hermanos hu\u00e9rfanos de padres.<\/li>\n<li>\u00a0Los padres del trabajador mayores de 60 a\u00f1os que no reciban pensi\u00f3n alguna.<\/li>\n<\/ul>\n<p>Cada uno de los beneficiarios en menci\u00f3n tienen requisitos diferentes para su afiliaci\u00f3n.<\/p>\n<p>Para efectos del Subsidio Familiar, se consideran personas a cargo cuando convivan y dependan econ\u00f3micamente del trabajador y se hallen dentro de las siguientes condiciones: Los hijos, los adoptivos, los hijastros y los hermanos hu\u00e9rfanos de padres se consideran personas a cargo hasta la edad de dieciocho (18) a\u00f1os (se entiende la edad de dieciocho hasta el d\u00eda anterior al cumplimiento de los 19 a\u00f1os). A partir de los 12 a\u00f1os deber\u00e1n presentar certificado de estudio anualmente para continuar con la calidad de beneficiario.<br \/>Carn\u00e9 de afiliado a Cajasai<br \/>Para tener acceso a los servicios de Cajasai y de los Centros Recreacionales de otras Cajas de Compensaci\u00f3n Familiar del Pa\u00eds deber\u00e1 presentar el carn\u00e9 que lo identifica como trabajador afiliado o beneficiario de Cajasai y as\u00ed, obtener tarifas subsidiadas. Este carn\u00e9 tiene vigencia de un a\u00f1o y cuando el trabajador quede desvinculado laboralmente podr\u00e1 continuar utilizando los servicios durante un a\u00f1o m\u00e1s.<\/p>\n\n\n<img decoding=\"async\" src=\"http:\/\/intranet.cajasai.com\/publico\/accesibilidad.png\" width=\"50px\" heigth=\"50px\">\n <audio controls=\"\">\n  <source src=\"http:\/\/intranet.cajasai.com\/publico\/subsidio_familiar.mp3\" type=\"audio\/mpeg\">\nYour browser does not support the audio element.\n<\/audio>\n<img decoding=\"async\" src=\"https:\/\/cdn.icon-icons.com\/icons2\/1364\/PNG\/512\/deafsignlanguage_89138.png\" width=\"50px\" heigth=\"50px\" onclick=\"window.open('http:\/\/intranet.cajasai.com\/aXJpczo\/subsidio.html','index','toolbar=mo,menubar=no,width=400,height=400,status=no,resizable=no,screenX=500,screenY=200,scrollbars=no');\">\n","protected":false},"excerpt":{"rendered":"<p>Your browser does not support the audio element. Medio de pago: Informamos a nuestros trabajadores afiliados que ahora el\u00a0pago de la cuota monetaria\u00a0se realizar\u00e1 \u00fanicamente a trav\u00e9s de\u00a0DAVIPLATA y reemplazar\u00e1 al pago por SUPERGIROS.&#46;&#46;&#46;<\/p>\n","protected":false},"author":1,"featured_media":0,"parent":0,"menu_order":0,"comment_status":"closed","ping_status":"closed","template":"","meta":{"_joinchat":[],"footnotes":""},"class_list":["post-43","page","type-page","status-publish","hentry"],"_links":{"self":[{"href":"https:\/\/cajasai.com\/soporte\/index.php?rest_route=\/wp\/v2\/pages\/43","targetHints":{"allow":["GET"]}}],"collection":[{"href":"https:\/\/cajasai.com\/soporte\/index.php?rest_route=\/wp\/v2\/pages"}],"about":[{"href":"https:\/\/cajasai.com\/soporte\/index.php?rest_route=\/wp\/v2\/types\/page"}],"author":[{"embeddable":true,"href":"https:\/\/cajasai.com\/soporte\/index.php?rest_route=\/wp\/v2\/users\/1"}],"replies":[{"embeddable":true,"href":"https:\/\/cajasai.com\/soporte\/index.php?rest_route=%2Fwp%2Fv2%2Fcomments&post=43"}],"version-history":[{"count":22,"href":"https:\/\/cajasai.com\/soporte\/index.php?rest_route=\/wp\/v2\/pages\/43\/revisions"}],"predecessor-version":[{"id":1941,"href":"https:\/\/cajasai.com\/soporte\/index.php?rest_route=\/wp\/v2\/pages\/43\/revisions\/1941"}],"wp:attachment":[{"href":"https:\/\/cajasai.com\/soporte\/index.php?rest_route=%2Fwp%2Fv2%2Fmedia&parent=43"}],"curies":[{"name":"wp","href":"https:\/\/api.w.org\/{rel}","templated":true}]}}