{"id":45,"date":"2018-03-01T22:12:29","date_gmt":"2018-03-01T22:12:29","guid":{"rendered":"http:\/\/cajasai.com\/soporte\/?page_id=45"},"modified":"2025-08-04T22:09:26","modified_gmt":"2025-08-04T22:09:26","slug":"cajasai-providencia","status":"publish","type":"page","link":"https:\/\/cajasai.com\/soporte\/?page_id=45","title":{"rendered":"Cajasai Providencia"},"content":{"rendered":"<p>Arena blanca y fina acompa\u00f1ada de aguas coloridas y tranquilas, en Providencia uno encuentra unas de las playas mas hermosas de toda Colombia. El desarrollo en la isla es estrictamente controlado tanto por las autoridades competentes como por sus colonos, la isla esta totalmente desprovista de grandes edificaciones en sus playas, en vez de esto est\u00e1n rodeadas de palmeras, restaurantes de arquitectura local donde podr\u00e1 disfrutar de un trago tropical o de la m\u00e1s exquisita comida de mar. Hay una gran variedad de playas que puede visitar<\/p>\n<p>Providencia y Santa catalina son un para\u00edso lleno de color por su mar y vegetaci\u00f3n, invitan al descanso, a la pesca, a la nataci\u00f3n o simplemente a la meditaci\u00f3n mientras se observa el paisaje multicolor.<br \/><strong>CAJASAI<\/strong>, hace presencia en la isla de providencia brindando mas y mejores servicios a los trabajadores y sus familias con programas sociales para el bienestar de la comunidad.<\/p>\n<h2>Isla de Santa Catalina<\/h2>\n<p align=\"justify\">La vecina isla de Santa Catalina esta conectada con Providencia por un hermoso puente de madera conocido como el puente de los enamorados. Desde providencia caminar a la Isla de Santa Catalina es un paseo para disfrutar adem\u00e1s de la hermosa vista, Santa Catalina tiene algunas peque\u00f1as pero hermosas playas como Fort Bay. a la que puede caminar. Desde Fort Bay camine hacia la cabeza de Morgan para hacer snorkelling o nade alrededor de la cueva subterr\u00e1nea donde este pirata guardaba sus tesoros<\/p>\n\n\n<figure class=\"wp-block-image size-large\"><a href=\"https:\/\/cajasai.com\/soporte\/wp-content\/uploads\/2025\/08\/Puente_de_los_enamorados_Providencia-scaled.jpeg\"><img loading=\"lazy\" decoding=\"async\" width=\"1024\" height=\"768\" src=\"https:\/\/cajasai.com\/soporte\/wp-content\/uploads\/2025\/08\/Puente_de_los_enamorados_Providencia-1024x768.jpeg\" alt=\"\" class=\"wp-image-2164\" srcset=\"https:\/\/cajasai.com\/soporte\/wp-content\/uploads\/2025\/08\/Puente_de_los_enamorados_Providencia-1024x768.jpeg 1024w, https:\/\/cajasai.com\/soporte\/wp-content\/uploads\/2025\/08\/Puente_de_los_enamorados_Providencia-300x225.jpeg 300w, https:\/\/cajasai.com\/soporte\/wp-content\/uploads\/2025\/08\/Puente_de_los_enamorados_Providencia-768x576.jpeg 768w, https:\/\/cajasai.com\/soporte\/wp-content\/uploads\/2025\/08\/Puente_de_los_enamorados_Providencia-1536x1152.jpeg 1536w, https:\/\/cajasai.com\/soporte\/wp-content\/uploads\/2025\/08\/Puente_de_los_enamorados_Providencia-2048x1536.jpeg 2048w\" sizes=\"auto, (max-width: 1024px) 100vw, 1024px\" \/><\/a><\/figure>\n\n\n\n<img decoding=\"async\" src=\"https:\/\/cdn-icons-png.flaticon.com\/512\/414\/414272.png\" width=\"50px\" heigth=\"50px\">\n <audio controls>\n  <source src=\"http:\/\/intranet.cajasai.com\/publico\/providencia.mp3\" type=\"audio\/mpeg\">\nYour browser does not support the audio element.\n<\/audio>\n","protected":false},"excerpt":{"rendered":"<p>Arena blanca y fina acompa\u00f1ada de aguas coloridas y tranquilas, en Providencia uno encuentra unas de las playas mas hermosas de toda Colombia. El desarrollo en la isla es estrictamente controlado tanto por las&#46;&#46;&#46;<\/p>\n","protected":false},"author":1,"featured_media":0,"parent":0,"menu_order":0,"comment_status":"closed","ping_status":"closed","template":"","meta":{"_joinchat":[],"footnotes":""},"class_list":["post-45","page","type-page","status-publish","hentry"],"_links":{"self":[{"href":"https:\/\/cajasai.com\/soporte\/index.php?rest_route=\/wp\/v2\/pages\/45","targetHints":{"allow":["GET"]}}],"collection":[{"href":"https:\/\/cajasai.com\/soporte\/index.php?rest_route=\/wp\/v2\/pages"}],"about":[{"href":"https:\/\/cajasai.com\/soporte\/index.php?rest_route=\/wp\/v2\/types\/page"}],"author":[{"embeddable":true,"href":"https:\/\/cajasai.com\/soporte\/index.php?rest_route=\/wp\/v2\/users\/1"}],"replies":[{"embeddable":true,"href":"https:\/\/cajasai.com\/soporte\/index.php?rest_route=%2Fwp%2Fv2%2Fcomments&post=45"}],"version-history":[{"count":12,"href":"https:\/\/cajasai.com\/soporte\/index.php?rest_route=\/wp\/v2\/pages\/45\/revisions"}],"predecessor-version":[{"id":2165,"href":"https:\/\/cajasai.com\/soporte\/index.php?rest_route=\/wp\/v2\/pages\/45\/revisions\/2165"}],"wp:attachment":[{"href":"https:\/\/cajasai.com\/soporte\/index.php?rest_route=%2Fwp%2Fv2%2Fmedia&parent=45"}],"curies":[{"name":"wp","href":"https:\/\/api.w.org\/{rel}","templated":true}]}}