{"id":49,"date":"2018-03-01T22:13:53","date_gmt":"2018-03-01T22:13:53","guid":{"rendered":"http:\/\/cajasai.com\/soporte\/?page_id=49"},"modified":"2018-04-05T21:00:51","modified_gmt":"2018-04-05T21:00:51","slug":"nuestracaja","status":"publish","type":"page","link":"https:\/\/cajasai.com\/soporte\/?page_id=49","title":{"rendered":"NuestraCaja"},"content":{"rendered":"<p><a href=\"http:\/\/cajasai.com\/soporte\/wp-content\/uploads\/2018\/03\/GUARDAS-CAJASAI-2011-copy.jpg\"><img loading=\"lazy\" decoding=\"async\" class=\"alignnone size-full wp-image-65\" src=\"http:\/\/cajasai.com\/soporte\/wp-content\/uploads\/2018\/03\/GUARDAS-CAJASAI-2011-copy.jpg\" alt=\"\" width=\"443\" height=\"310\" srcset=\"https:\/\/cajasai.com\/soporte\/wp-content\/uploads\/2018\/03\/GUARDAS-CAJASAI-2011-copy.jpg 443w, https:\/\/cajasai.com\/soporte\/wp-content\/uploads\/2018\/03\/GUARDAS-CAJASAI-2011-copy-300x210.jpg 300w\" sizes=\"auto, (max-width: 443px) 100vw, 443px\" \/><\/a><\/p>\n<p><strong>QUIENES SOMOS<\/strong><br \/>\nLa Caja de Compensaci\u00f3n Familiar CAJASAI es una corporaci\u00f3n sin \u00e1nimo de lucro con personer\u00eda jur\u00eddica y de derecho privado creada para mejorar la calidad de vida de los trabajadores y sus familias en las islas de San Andr\u00e9s y Providencia, mediante la gesti\u00f3n redistribuci\u00f3n y entrega de subsidios y servicios obtenidos de los aportes de seguridad social que hacen los empleadores.<\/p>\n<p>La Superintendencia del Subsidio Familiar es la entidad encargada de ejercer la inspecci\u00f3n y vigilancia a nuestra Caja.<\/p>\n<p>En 1979, CAJASAI fue reconocida jur\u00eddicamente mediante Resoluci\u00f3n 00809 el 27 de Febrero<br \/>\nde ese mismo a\u00f1o.<\/p>\n<p><strong>\u2022MISI\u00d3N<\/strong><br \/>\nContribuir con el bienestar de nuestros afiliados, su familia y la comunidad del Archipi\u00e9lago a trav\u00e9s de un completo portafolio de servicios educativos, econ\u00f3micos y recreativos que generen un impacto social positivo en nuestro entorno; liderado por un equipo de trabajo capaz de administrar y redistribuir de manera eficiente y confiable todos sus recursos.<\/p>\n<p><strong>\u2022\u00a0VISI\u00d3N<\/strong><br \/>\nCAJASAI se consolidara en el 2019 como el mejor aliado en la generaci\u00f3n de bienestar para los afiliados, promoviendo dentro de sus servicios de mayor calidad y variedad un compromiso social y cultural que los permita posicionarse como un autor determinante en el progreso de la Isla.<\/p>\n<p><strong>\u2022 VALORES CORPORATIVOS<\/strong><\/p>\n<p><strong><em>Respeto<\/em><\/strong><br \/>\nConsideraci\u00f3n y buena atenci\u00f3n hacia los dem\u00e1s para generar una convivencia sana y pacifica. Protecci\u00f3n de la intimidad y los derechos fundamentales.<\/p>\n<p><strong>Transparencia<\/strong><br \/>\nActuaciones claras y cumplimiento estricto de las normas que rigen la organizaci\u00f3n.<\/p>\n<p><strong>Compromiso<\/strong><br \/>\nCumplimiento a cabalidad de la misi\u00f3n institucional de Cajasai.<\/p>\n<p><strong>Lealtad<\/strong><br \/>\nCumplimiento de los valores de sinceridad, legalidad, fidelidad, firmeza, honradez, rectitud en todas las acciones del talento humano de la organizaci\u00f3n.<\/p>\n<p><strong>Efectividad<\/strong><br \/>\nCumplimiento de los objetivos mediante el uso racional de los recursos asignados.<\/p>\n<p><strong>Solidaridad<\/strong><br \/>\nDisposici\u00f3n constante por brindar a la comunidad el apoyo econ\u00f3mico y social requerido.<\/p>\n<p><strong>Honestidad<\/strong><br \/>\nLos trabajadores de CAJASAI deber\u00e1n tener conciencia clara de lo que est\u00e1 bien y es apropiado sin contradicciones entre sus pensamientos, palabras y acciones.<\/p>\n<p>&nbsp;<\/p>\n<p><strong>DIRECTOR ADMINISTRATIVO<\/strong><\/p>\n<p>Doctor Arnovis Taveras Wilches<\/p>\n<p><a href=\"http:\/\/cajasai.com\/soporte\/wp-content\/uploads\/2018\/03\/DIRECTOR-ADMINSITRATIVO-DOCTOR-ARNOVIS-TAVERA-WILCHES.jpg\"><img loading=\"lazy\" decoding=\"async\" class=\"alignnone wp-image-185\" src=\"http:\/\/cajasai.com\/soporte\/wp-content\/uploads\/2018\/03\/DIRECTOR-ADMINSITRATIVO-DOCTOR-ARNOVIS-TAVERA-WILCHES-683x1024.jpg\" alt=\"\" width=\"222\" height=\"333\" srcset=\"https:\/\/cajasai.com\/soporte\/wp-content\/uploads\/2018\/03\/DIRECTOR-ADMINSITRATIVO-DOCTOR-ARNOVIS-TAVERA-WILCHES-683x1024.jpg 683w, https:\/\/cajasai.com\/soporte\/wp-content\/uploads\/2018\/03\/DIRECTOR-ADMINSITRATIVO-DOCTOR-ARNOVIS-TAVERA-WILCHES-200x300.jpg 200w, https:\/\/cajasai.com\/soporte\/wp-content\/uploads\/2018\/03\/DIRECTOR-ADMINSITRATIVO-DOCTOR-ARNOVIS-TAVERA-WILCHES-768x1152.jpg 768w, https:\/\/cajasai.com\/soporte\/wp-content\/uploads\/2018\/03\/DIRECTOR-ADMINSITRATIVO-DOCTOR-ARNOVIS-TAVERA-WILCHES.jpg 1200w\" sizes=\"auto, (max-width: 222px) 100vw, 222px\" \/><\/a><\/p>\n<p><strong>NUESTRA ORGANIZACION<\/strong><\/p>\n<p><a href=\"http:\/\/cajasai.com\/soporte\/wp-content\/uploads\/2018\/03\/LA-ORGANIZACI\u00d3N12.jpg\"><img loading=\"lazy\" decoding=\"async\" class=\"alignnone wp-image-218\" src=\"http:\/\/cajasai.com\/soporte\/wp-content\/uploads\/2018\/03\/LA-ORGANIZACI\u00d3N12-1024x439.jpg\" alt=\"\" width=\"784\" height=\"336\" srcset=\"https:\/\/cajasai.com\/soporte\/wp-content\/uploads\/2018\/03\/LA-ORGANIZACI\u00d3N12-1024x439.jpg 1024w, https:\/\/cajasai.com\/soporte\/wp-content\/uploads\/2018\/03\/LA-ORGANIZACI\u00d3N12-300x129.jpg 300w, https:\/\/cajasai.com\/soporte\/wp-content\/uploads\/2018\/03\/LA-ORGANIZACI\u00d3N12-768x330.jpg 768w, https:\/\/cajasai.com\/soporte\/wp-content\/uploads\/2018\/03\/LA-ORGANIZACI\u00d3N12.jpg 1200w\" sizes=\"auto, (max-width: 784px) 100vw, 784px\" \/><\/a><\/p>\n<p>&nbsp;<\/p>\n","protected":false},"excerpt":{"rendered":"<p>QUIENES SOMOS La Caja de Compensaci\u00f3n Familiar CAJASAI es una corporaci\u00f3n sin \u00e1nimo de lucro con personer\u00eda jur\u00eddica y de derecho privado creada para mejorar la calidad de vida de los trabajadores y sus&#46;&#46;&#46;<\/p>\n","protected":false},"author":1,"featured_media":0,"parent":0,"menu_order":0,"comment_status":"closed","ping_status":"closed","template":"","meta":{"_joinchat":[],"footnotes":""},"class_list":["post-49","page","type-page","status-publish","hentry"],"_links":{"self":[{"href":"https:\/\/cajasai.com\/soporte\/index.php?rest_route=\/wp\/v2\/pages\/49","targetHints":{"allow":["GET"]}}],"collection":[{"href":"https:\/\/cajasai.com\/soporte\/index.php?rest_route=\/wp\/v2\/pages"}],"about":[{"href":"https:\/\/cajasai.com\/soporte\/index.php?rest_route=\/wp\/v2\/types\/page"}],"author":[{"embeddable":true,"href":"https:\/\/cajasai.com\/soporte\/index.php?rest_route=\/wp\/v2\/users\/1"}],"replies":[{"embeddable":true,"href":"https:\/\/cajasai.com\/soporte\/index.php?rest_route=%2Fwp%2Fv2%2Fcomments&post=49"}],"version-history":[{"count":13,"href":"https:\/\/cajasai.com\/soporte\/index.php?rest_route=\/wp\/v2\/pages\/49\/revisions"}],"predecessor-version":[{"id":293,"href":"https:\/\/cajasai.com\/soporte\/index.php?rest_route=\/wp\/v2\/pages\/49\/revisions\/293"}],"wp:attachment":[{"href":"https:\/\/cajasai.com\/soporte\/index.php?rest_route=%2Fwp%2Fv2%2Fmedia&parent=49"}],"curies":[{"name":"wp","href":"https:\/\/api.w.org\/{rel}","templated":true}]}}